{"id":2533,"date":"2021-03-18T13:25:57","date_gmt":"2021-03-18T13:25:57","guid":{"rendered":"http:\/\/www.astula.dk\/?post_type=product&#038;p=2533"},"modified":"2021-08-17T20:43:33","modified_gmt":"2021-08-17T20:43:33","slug":"venter","status":"publish","type":"product","link":"https:\/\/www.astula.dk\/index.php\/vare\/venter\/","title":{"rendered":"Venter"},"content":{"rendered":"<p>LG V\u00e6rk nr 100 &#8220;Venter&#8221;<\/p>\n<p>&nbsp;<\/p>\n","protected":false},"excerpt":{"rendered":"<p>LG &#8211; Louise Gade, V\u00e6rk nr. 100; &#8220;Venter&#8221;. Malet med olie og acryl p\u00e5 l\u00e6rred, i en h\u00e5ndlavet r\u00e5, svejst sv\u00e6veramme af &#8216;sort&#8217; jern.<\/p>\n<p>&nbsp;<\/p>\n","protected":false},"featured_media":2622,"comment_status":"open","ping_status":"closed","template":"","meta":{"spay_email":""},"class_list":["post-2533","product","type-product","status-publish","has-post-thumbnail","hentry","product_cat-ukategoriseret"],"_links":{"self":[{"href":"https:\/\/www.astula.dk\/index.php\/wp-json\/wp\/v2\/product\/2533"}],"collection":[{"href":"https:\/\/www.astula.dk\/index.php\/wp-json\/wp\/v2\/product"}],"about":[{"href":"https:\/\/www.astula.dk\/index.php\/wp-json\/wp\/v2\/types\/product"}],"replies":[{"embeddable":true,"href":"https:\/\/www.astula.dk\/index.php\/wp-json\/wp\/v2\/comments?post=2533"}],"wp:featuredmedia":[{"embeddable":true,"href":"https:\/\/www.astula.dk\/index.php\/wp-json\/wp\/v2\/media\/2622"}],"wp:attachment":[{"href":"https:\/\/www.astula.dk\/index.php\/wp-json\/wp\/v2\/media?parent=2533"}],"curies":[{"name":"wp","href":"https:\/\/api.w.org\/{rel}","templated":true}]}}