{"id":2623,"date":"2021-08-17T20:38:36","date_gmt":"2021-08-17T20:38:36","guid":{"rendered":"http:\/\/www.astula.dk\/?post_type=product&#038;p=2623"},"modified":"2021-08-17T20:44:38","modified_gmt":"2021-08-17T20:44:38","slug":"boeh-101","status":"publish","type":"product","link":"https:\/\/www.astula.dk\/index.php\/vare\/boeh-101\/","title":{"rendered":"B\u00f8h 101"},"content":{"rendered":"<p>LG &#8211; V\u00e6rk nr 101<\/p>\n","protected":false},"excerpt":{"rendered":"<p>LG &#8211; Louise Gade, V\u00e6rk nr. 101; &#8220;B\u00f8h&#8221;. Malet med olie og acryl p\u00e5 plade, i en h\u00e5ndlavet r\u00e5, svejst sv\u00e6veramme af &#8216;sort&#8217; jern.<\/p>\n","protected":false},"featured_media":2624,"comment_status":"open","ping_status":"closed","template":"","meta":{"spay_email":""},"class_list":["post-2623","product","type-product","status-publish","has-post-thumbnail","hentry","product_cat-ukategoriseret"],"_links":{"self":[{"href":"https:\/\/www.astula.dk\/index.php\/wp-json\/wp\/v2\/product\/2623"}],"collection":[{"href":"https:\/\/www.astula.dk\/index.php\/wp-json\/wp\/v2\/product"}],"about":[{"href":"https:\/\/www.astula.dk\/index.php\/wp-json\/wp\/v2\/types\/product"}],"replies":[{"embeddable":true,"href":"https:\/\/www.astula.dk\/index.php\/wp-json\/wp\/v2\/comments?post=2623"}],"wp:featuredmedia":[{"embeddable":true,"href":"https:\/\/www.astula.dk\/index.php\/wp-json\/wp\/v2\/media\/2624"}],"wp:attachment":[{"href":"https:\/\/www.astula.dk\/index.php\/wp-json\/wp\/v2\/media?parent=2623"}],"curies":[{"name":"wp","href":"https:\/\/api.w.org\/{rel}","templated":true}]}}